{"id":142,"date":"2020-11-27T10:44:31","date_gmt":"2020-11-27T09:44:31","guid":{"rendered":"http:\/\/mcop.cz\/web\/?page_id=142"},"modified":"2021-09-14T10:24:21","modified_gmt":"2021-09-14T08:24:21","slug":"osoby-opravnene-jednat-za-mcop","status":"publish","type":"page","link":"https:\/\/mcop.cz\/web\/osoby-opravnene-jednat-za-mcop\/","title":{"rendered":"Osoby opr\u00e1vn\u011bn\u00e9 jednat za MCOP"},"content":{"rendered":"\n<section class=\"wp-block-themeisle-blocks-advanced-columns alignfull has-1-columns has-desktop-equal-layout has-tablet-equal-layout has-mobile-equal-layout has-nogap-gap has-vertical-center\" id=\"wp-block-themeisle-blocks-advanced-columns-2486197b\"><div class=\"wp-block-themeisle-blocks-advanced-columns-overlay\"><\/div><div class=\"innerblocks-wrap\">\n<div class=\"wp-block-themeisle-blocks-advanced-column\" id=\"wp-block-themeisle-blocks-advanced-column-fe550b0c\">\n<h1 id=\"wp-block-themeisle-blocks-advanced-heading-a93999eb\" class=\"wp-block-themeisle-blocks-advanced-heading wp-block-themeisle-blocks-advanced-heading-a93999eb\">Osoby opr\u00e1vn\u011bn\u00e9 jednat za MCOP a kontakty na jednotliv\u00e9 sekce<\/h1>\n<\/div>\n<\/div><\/section>\n\n\n\n<section class=\"wp-block-themeisle-blocks-advanced-columns alignfull has-1-columns has-desktop-equal-layout has-tablet-equal-layout has-mobile-equal-layout has-nogap-gap has-vertical-flex-start\" id=\"wp-block-themeisle-blocks-advanced-columns-a716cffe\"><div class=\"wp-block-themeisle-blocks-advanced-columns-overlay\"><\/div><div class=\"innerblocks-wrap\">\n<div class=\"wp-block-themeisle-blocks-advanced-column\" id=\"wp-block-themeisle-blocks-advanced-column-a43cb81f\">\n<section class=\"wp-block-themeisle-blocks-advanced-columns has-1-columns has-desktop-equal-layout has-tablet-equal-layout has-mobile-equal-layout has-nogap-gap has-vertical-center has-reverse-columns-mobile\" id=\"wp-block-themeisle-blocks-advanced-columns-a01540af\"><div class=\"wp-block-themeisle-blocks-advanced-columns-overlay\"><\/div><div class=\"innerblocks-wrap\">\n<div class=\"wp-block-themeisle-blocks-advanced-column\" id=\"wp-block-themeisle-blocks-advanced-column-49977655\">\n<h2 class=\"has-text-align-left wp-block-heading\">Osoby opr\u00e1vn\u011bn\u00e9 jednat<\/h2>\n\n\n\n<p>R\u00e1di bychom p\u0159iv\u00edtali nov\u00e9ho nad\u0161ence do kryt\u016f CO je j\u00edm <strong>David Ham\u00e1\u010dek<\/strong> &#8211; Z\u00e1stupce pro oblast Plze\u0148sk\u00e9ho a Karlovarsk\u00e9ho kraje, opr\u00e1vn\u011bn\u00ed pro dokumentaci a n\u00e1v\u0161t\u011bvy kryt\u016f CO<\/p>\n\n\n\n<p><strong>Petr Sala\u010d <\/strong>z Libereck\u00e9ho kraje . Tento m\u00e1 od n\u00e1s opr\u00e1vn\u011bn\u00ed vyjedn\u00e1vat za n\u00e1\u0161 zapsan\u00fd spolek n\u00e1v\u0161t\u011bvy kryt\u016f CO a prov\u00e1d\u011bt jejich fotodokumentaci.<\/p>\n\n\n\n<p><strong>Zden\u011bk Padovec<\/strong> z facebookov\u00e9 skupiny Kryty civiln\u00ed obrany . Tento m\u00e1 od n\u00e1s opr\u00e1vn\u011bn\u00ed vyjedn\u00e1vat za n\u00e1\u0161 zapsan\u00fd spolek n\u00e1v\u0161t\u011bvy kryt\u016f CO a prov\u00e1d\u011bt jejich fotodokumentaci.<\/p>\n\n\n\n<p><strong>Ji\u0159\u00ed Suchomel<\/strong> z facebookov\u00e9 skupiny Kladensk\u00e9 kryty . Tento m\u00e1 od n\u00e1s opr\u00e1vn\u011bn\u00ed vyjedn\u00e1vat za n\u00e1\u0161 zapsan\u00fd spolek n\u00e1v\u0161t\u011bvy kryt\u016f CO a prov\u00e1d\u011bt jejich fotodokumentaci.<\/p>\n\n\n\n<p><strong>Filip St\u0159\u00edzek<\/strong> &#8211; p\u0159edseda spolku, hlavn\u00ed kur\u00e1tor sb\u00edrek, expozice Elektro\u010das a drobn\u00e9 \u010cSSR po\u010d\u00edta\u010de, pr\u00e1vn\u00ed z\u00e1le\u017eitosti, chod sdru\u017een\u00ed.<\/p>\n\n\n\n<p><strong>Jan Kiml <\/strong>&#8211; z\u00e1stupce pro Plze\u0148sk\u00fd kraj, opr\u00e1vn\u011bn\u00fd vyjedn\u00e1vat za n\u00e1\u0161 spolek n\u00e1v\u0161t\u011bvy objekt\u016f, prov\u00e1d\u011bt fotodokumentaci, d\u016fln\u00ed z\u00e1le\u017eitosti, \u0161toly a archivn\u00ed b\u00e1d\u00e1n\u00ed.<\/p>\n\n\n\n<p><strong>David Kristl <\/strong>&#8211; z\u00e1stupce pro Moravu, opr\u00e1vn\u011bn\u00fd vyjedn\u00e1vat za n\u00e1\u0161 spolek n\u00e1v\u0161t\u011bvy objekt\u016f, prov\u00e1d\u011bt fotodokumentaci a archivn\u00ed b\u00e1d\u00e1n\u00ed.<\/p>\n\n\n\n<p><strong>Mat\u00fa\u0161 Pali\u0161in <\/strong>&#8211; z\u00e1stupce pro Slovensko, opr\u00e1vn\u011bn\u00fd vyjedn\u00e1vat za n\u00e1\u0161 spolek n\u00e1v\u0161t\u011bvy objekt\u016f, prov\u00e1d\u011bt fotodokumentaci a vyjedn\u00e1vat darov\u00e1n\u00ed, p\u0159evzet\u00ed historick\u00e9 po\u010d\u00edta\u010dov\u00e9 techniky a elektroniky.<\/p>\n<\/div>\n<\/div><\/section>\n<\/div>\n<\/div><\/section>\n","protected":false},"excerpt":{"rendered":"","protected":false},"author":1,"featured_media":0,"parent":0,"menu_order":0,"comment_status":"closed","ping_status":"closed","template":"page-templates\/template-pagebuilder-full-width.php","meta":{"neve_meta_sidebar":"","neve_meta_container":"","neve_meta_enable_content_width":"","neve_meta_content_width":0,"neve_meta_title_alignment":"","neve_meta_author_avatar":"","neve_post_elements_order":"","neve_meta_disable_header":"","neve_meta_disable_footer":"","neve_meta_disable_title":"","_themeisle_gutenberg_block_has_review":false},"_links":{"self":[{"href":"https:\/\/mcop.cz\/web\/wp-json\/wp\/v2\/pages\/142"}],"collection":[{"href":"https:\/\/mcop.cz\/web\/wp-json\/wp\/v2\/pages"}],"about":[{"href":"https:\/\/mcop.cz\/web\/wp-json\/wp\/v2\/types\/page"}],"author":[{"embeddable":true,"href":"https:\/\/mcop.cz\/web\/wp-json\/wp\/v2\/users\/1"}],"replies":[{"embeddable":true,"href":"https:\/\/mcop.cz\/web\/wp-json\/wp\/v2\/comments?post=142"}],"version-history":[{"count":3,"href":"https:\/\/mcop.cz\/web\/wp-json\/wp\/v2\/pages\/142\/revisions"}],"predecessor-version":[{"id":225,"href":"https:\/\/mcop.cz\/web\/wp-json\/wp\/v2\/pages\/142\/revisions\/225"}],"wp:attachment":[{"href":"https:\/\/mcop.cz\/web\/wp-json\/wp\/v2\/media?parent=142"}],"curies":[{"name":"wp","href":"https:\/\/api.w.org\/{rel}","templated":true}]}}