{"id":167,"date":"2020-11-27T11:26:32","date_gmt":"2020-11-27T10:26:32","guid":{"rendered":"http:\/\/mcop.cz\/web\/?page_id=167"},"modified":"2020-11-27T11:33:41","modified_gmt":"2020-11-27T10:33:41","slug":"historicka-pocitacova-technika","status":"publish","type":"page","link":"https:\/\/mcop.cz\/web\/historicka-pocitacova-technika\/","title":{"rendered":"Historick\u00e1 po\u010d\u00edta\u010dov\u00e1 technika"},"content":{"rendered":"\n<section class=\"wp-block-themeisle-blocks-advanced-columns alignfull has-1-columns has-desktop-equal-layout has-tablet-equal-layout has-mobile-equal-layout has-nogap-gap has-vertical-center\" id=\"wp-block-themeisle-blocks-advanced-columns-2486197b\"><div class=\"wp-block-themeisle-blocks-advanced-columns-overlay\"><\/div><div class=\"innerblocks-wrap\">\n<div class=\"wp-block-themeisle-blocks-advanced-column\" id=\"wp-block-themeisle-blocks-advanced-column-fe550b0c\">\n<h1 id=\"wp-block-themeisle-blocks-advanced-heading-a93999eb\" class=\"wp-block-themeisle-blocks-advanced-heading wp-block-themeisle-blocks-advanced-heading-a93999eb\">Historick\u00e1 po\u010d\u00edta\u010dov\u00e1 technika<\/h1>\n<\/div>\n<\/div><\/section>\n\n\n\n<section class=\"wp-block-themeisle-blocks-advanced-columns alignfull has-1-columns has-desktop-equal-layout has-tablet-equal-layout has-mobile-equal-layout has-nogap-gap has-vertical-flex-start\" id=\"wp-block-themeisle-blocks-advanced-columns-a716cffe\"><div class=\"wp-block-themeisle-blocks-advanced-columns-overlay\"><\/div><div class=\"innerblocks-wrap\">\n<div class=\"wp-block-themeisle-blocks-advanced-column\" id=\"wp-block-themeisle-blocks-advanced-column-a43cb81f\">\n<section class=\"wp-block-themeisle-blocks-advanced-columns has-1-columns has-desktop-equal-layout has-tablet-equal-layout has-mobile-equal-layout has-nogap-gap has-vertical-center has-reverse-columns-mobile\" id=\"wp-block-themeisle-blocks-advanced-columns-a01540af\"><div class=\"wp-block-themeisle-blocks-advanced-columns-overlay\"><\/div><div class=\"innerblocks-wrap\">\n<div class=\"wp-block-themeisle-blocks-advanced-column\" id=\"wp-block-themeisle-blocks-advanced-column-49977655\">\n<h2 class=\"has-text-align-left wp-block-heading\">Historick\u00e1 po\u010d\u00edta\u010dov\u00e1 technika<\/h2>\n\n\n\n<p>Vlastn\u00edme obs\u00e1hl\u00e9 sb\u00edrky zachr\u00e1n\u011bn\u00e9 techniky.<\/p>\n\n\n\n<figure class=\"wp-block-gallery columns-3 is-cropped wp-block-gallery-1 is-layout-flex\"><ul class=\"blocks-gallery-grid\"><li class=\"blocks-gallery-item\"><figure><img decoding=\"async\" loading=\"lazy\" width=\"730\" height=\"455\" src=\"https:\/\/mcop.cz\/web\/wp-content\/uploads\/2020\/11\/ojedinely-funkcni-set-tns-slusovice-hc-08-vcetne-funkcni-tiskarny-74110897.jpeg\" alt=\"\" data-id=\"179\" data-full-url=\"https:\/\/mcop.cz\/web\/wp-content\/uploads\/2020\/11\/ojedinely-funkcni-set-tns-slusovice-hc-08-vcetne-funkcni-tiskarny-74110897.jpeg\" data-link=\"https:\/\/mcop.cz\/web\/historicka-pocitacova-technika\/ojedinely-funkcni-set-tns-slusovice-hc-08-vcetne-funkcni-tiskarny-74110897\/\" class=\"wp-image-179\" srcset=\"https:\/\/mcop.cz\/web\/wp-content\/uploads\/2020\/11\/ojedinely-funkcni-set-tns-slusovice-hc-08-vcetne-funkcni-tiskarny-74110897.jpeg 730w, https:\/\/mcop.cz\/web\/wp-content\/uploads\/2020\/11\/ojedinely-funkcni-set-tns-slusovice-hc-08-vcetne-funkcni-tiskarny-74110897-300x187.jpeg 300w\" sizes=\"(max-width: 730px) 100vw, 730px\" \/><\/figure><\/li><li class=\"blocks-gallery-item\"><figure><img decoding=\"async\" loading=\"lazy\" width=\"640\" height=\"480\" src=\"https:\/\/mcop.cz\/web\/wp-content\/uploads\/2020\/11\/consul_2715_vsepred.jpg\" alt=\"\" data-id=\"180\" data-full-url=\"https:\/\/mcop.cz\/web\/wp-content\/uploads\/2020\/11\/consul_2715_vsepred.jpg\" data-link=\"https:\/\/mcop.cz\/web\/historicka-pocitacova-technika\/consul_2715_vsepred\/\" class=\"wp-image-180\" srcset=\"https:\/\/mcop.cz\/web\/wp-content\/uploads\/2020\/11\/consul_2715_vsepred.jpg 640w, https:\/\/mcop.cz\/web\/wp-content\/uploads\/2020\/11\/consul_2715_vsepred-300x225.jpg 300w\" sizes=\"(max-width: 640px) 100vw, 640px\" \/><\/figure><\/li><li class=\"blocks-gallery-item\"><figure><img decoding=\"async\" loading=\"lazy\" width=\"1024\" height=\"748\" src=\"https:\/\/mcop.cz\/web\/wp-content\/uploads\/2020\/11\/consul_2713_b-1024x748.jpg\" alt=\"\" data-id=\"181\" data-full-url=\"https:\/\/mcop.cz\/web\/wp-content\/uploads\/2020\/11\/consul_2713_b.jpg\" data-link=\"https:\/\/mcop.cz\/web\/historicka-pocitacova-technika\/consul_2713_b\/\" class=\"wp-image-181\" srcset=\"https:\/\/mcop.cz\/web\/wp-content\/uploads\/2020\/11\/consul_2713_b-1024x748.jpg 1024w, https:\/\/mcop.cz\/web\/wp-content\/uploads\/2020\/11\/consul_2713_b-300x219.jpg 300w, https:\/\/mcop.cz\/web\/wp-content\/uploads\/2020\/11\/consul_2713_b-768x561.jpg 768w, https:\/\/mcop.cz\/web\/wp-content\/uploads\/2020\/11\/consul_2713_b-1536x1122.jpg 1536w, https:\/\/mcop.cz\/web\/wp-content\/uploads\/2020\/11\/consul_2713_b.jpg 1600w\" sizes=\"(max-width: 1024px) 100vw, 1024px\" \/><\/figure><\/li><\/ul><\/figure>\n<\/div>\n<\/div><\/section>\n<\/div>\n<\/div><\/section>\n","protected":false},"excerpt":{"rendered":"","protected":false},"author":1,"featured_media":0,"parent":0,"menu_order":0,"comment_status":"closed","ping_status":"closed","template":"page-templates\/template-pagebuilder-full-width.php","meta":{"neve_meta_sidebar":"","neve_meta_container":"","neve_meta_enable_content_width":"","neve_meta_content_width":0,"neve_meta_title_alignment":"","neve_meta_author_avatar":"","neve_post_elements_order":"","neve_meta_disable_header":"","neve_meta_disable_footer":"","neve_meta_disable_title":"","_themeisle_gutenberg_block_has_review":false},"_links":{"self":[{"href":"https:\/\/mcop.cz\/web\/wp-json\/wp\/v2\/pages\/167"}],"collection":[{"href":"https:\/\/mcop.cz\/web\/wp-json\/wp\/v2\/pages"}],"about":[{"href":"https:\/\/mcop.cz\/web\/wp-json\/wp\/v2\/types\/page"}],"author":[{"embeddable":true,"href":"https:\/\/mcop.cz\/web\/wp-json\/wp\/v2\/users\/1"}],"replies":[{"embeddable":true,"href":"https:\/\/mcop.cz\/web\/wp-json\/wp\/v2\/comments?post=167"}],"version-history":[{"count":2,"href":"https:\/\/mcop.cz\/web\/wp-json\/wp\/v2\/pages\/167\/revisions"}],"predecessor-version":[{"id":182,"href":"https:\/\/mcop.cz\/web\/wp-json\/wp\/v2\/pages\/167\/revisions\/182"}],"wp:attachment":[{"href":"https:\/\/mcop.cz\/web\/wp-json\/wp\/v2\/media?parent=167"}],"curies":[{"name":"wp","href":"https:\/\/api.w.org\/{rel}","templated":true}]}}