{"id":171,"date":"2020-11-27T11:31:12","date_gmt":"2020-11-27T10:31:12","guid":{"rendered":"http:\/\/mcop.cz\/web\/?page_id=171"},"modified":"2020-11-27T14:55:40","modified_gmt":"2020-11-27T13:55:40","slug":"centralni-hodinove-systemy-pragotron-elektrocas","status":"publish","type":"page","link":"https:\/\/mcop.cz\/web\/centralni-hodinove-systemy-pragotron-elektrocas\/","title":{"rendered":"Centr\u00e1ln\u00ed hodinov\u00e9 syst\u00e9my Pragotron \/ Elektro\u010das"},"content":{"rendered":"\n<section class=\"wp-block-themeisle-blocks-advanced-columns alignfull has-1-columns has-desktop-equal-layout has-tablet-equal-layout has-mobile-equal-layout has-nogap-gap has-vertical-center\" id=\"wp-block-themeisle-blocks-advanced-columns-2486197b\"><div class=\"wp-block-themeisle-blocks-advanced-columns-overlay\"><\/div><div class=\"innerblocks-wrap\">\n<div class=\"wp-block-themeisle-blocks-advanced-column\" id=\"wp-block-themeisle-blocks-advanced-column-fe550b0c\">\n<h1 id=\"wp-block-themeisle-blocks-advanced-heading-a93999eb\" class=\"wp-block-themeisle-blocks-advanced-heading wp-block-themeisle-blocks-advanced-heading-a93999eb\">Centr\u00e1ln\u00ed hodinov\u00e9 syst\u00e9my Pragotron \/ Elektro\u010das<\/h1>\n<\/div>\n<\/div><\/section>\n\n\n\n<section class=\"wp-block-themeisle-blocks-advanced-columns alignfull has-1-columns has-desktop-equal-layout has-tablet-equal-layout has-mobile-equal-layout has-nogap-gap has-vertical-flex-start\" id=\"wp-block-themeisle-blocks-advanced-columns-a716cffe\"><div class=\"wp-block-themeisle-blocks-advanced-columns-overlay\"><\/div><div class=\"innerblocks-wrap\">\n<div class=\"wp-block-themeisle-blocks-advanced-column\" id=\"wp-block-themeisle-blocks-advanced-column-a43cb81f\">\n<section class=\"wp-block-themeisle-blocks-advanced-columns has-1-columns has-desktop-equal-layout has-tablet-equal-layout has-mobile-equal-layout has-nogap-gap has-vertical-center has-reverse-columns-mobile\" id=\"wp-block-themeisle-blocks-advanced-columns-a01540af\"><div class=\"wp-block-themeisle-blocks-advanced-columns-overlay\"><\/div><div class=\"innerblocks-wrap\">\n<div class=\"wp-block-themeisle-blocks-advanced-column\" id=\"wp-block-themeisle-blocks-advanced-column-49977655\">\n<h2 class=\"has-text-align-left wp-block-heading\">Centr\u00e1ln\u00ed hodinov\u00e9 syst\u00e9my Pragotron \/ Elektro\u010das<\/h2>\n\n\n\n<p>D\u00edky na\u0161im podporovatel\u016fm a d\u00e1rc\u016fm z cel\u00e9 \u010desk\u00e9 republiky m\u00e1me ji\u017e obs\u00e1hl\u00e9 sb\u00edrky zachr\u00e1n\u011bn\u00e9 techniky z centr\u00e1ln\u00edch hodinov\u00fdch syst\u00e9m\u016f. Na\u0161\u00ed radost\u00ed je, \u017ee dal\u0161\u00ed kousky neust\u00e1le p\u0159ib\u00fdvaj\u00ed.<\/p>\n\n\n\n<figure class=\"wp-block-gallery columns-2 is-cropped wp-block-gallery-1 is-layout-flex\"><ul class=\"blocks-gallery-grid\"><li class=\"blocks-gallery-item\"><figure><img decoding=\"async\" loading=\"lazy\" width=\"512\" height=\"344\" src=\"https:\/\/mcop.cz\/web\/wp-content\/uploads\/2020\/11\/unnameds.jpg\" alt=\"\" data-id=\"173\" data-full-url=\"https:\/\/mcop.cz\/web\/wp-content\/uploads\/2020\/11\/unnameds.jpg\" data-link=\"https:\/\/mcop.cz\/web\/?attachment_id=173\" class=\"wp-image-173\" srcset=\"https:\/\/mcop.cz\/web\/wp-content\/uploads\/2020\/11\/unnameds.jpg 512w, https:\/\/mcop.cz\/web\/wp-content\/uploads\/2020\/11\/unnameds-300x202.jpg 300w\" sizes=\"(max-width: 512px) 100vw, 512px\" \/><\/figure><\/li><li class=\"blocks-gallery-item\"><figure><img decoding=\"async\" loading=\"lazy\" width=\"562\" height=\"930\" src=\"https:\/\/mcop.cz\/web\/wp-content\/uploads\/2020\/11\/pragotron-eh-chod.jpg\" alt=\"\" data-id=\"175\" data-full-url=\"https:\/\/mcop.cz\/web\/wp-content\/uploads\/2020\/11\/pragotron-eh-chod.jpg\" data-link=\"https:\/\/mcop.cz\/web\/?attachment_id=175\" class=\"wp-image-175\" srcset=\"https:\/\/mcop.cz\/web\/wp-content\/uploads\/2020\/11\/pragotron-eh-chod.jpg 562w, https:\/\/mcop.cz\/web\/wp-content\/uploads\/2020\/11\/pragotron-eh-chod-181x300.jpg 181w\" sizes=\"(max-width: 562px) 100vw, 562px\" \/><\/figure><\/li><li class=\"blocks-gallery-item\"><figure><img decoding=\"async\" loading=\"lazy\" width=\"512\" height=\"116\" src=\"https:\/\/mcop.cz\/web\/wp-content\/uploads\/2020\/11\/unnamed-1s.jpg\" alt=\"\" data-id=\"174\" data-full-url=\"https:\/\/mcop.cz\/web\/wp-content\/uploads\/2020\/11\/unnamed-1s.jpg\" data-link=\"https:\/\/mcop.cz\/web\/?attachment_id=174\" class=\"wp-image-174\" srcset=\"https:\/\/mcop.cz\/web\/wp-content\/uploads\/2020\/11\/unnamed-1s.jpg 512w, https:\/\/mcop.cz\/web\/wp-content\/uploads\/2020\/11\/unnamed-1s-300x68.jpg 300w\" sizes=\"(max-width: 512px) 100vw, 512px\" \/><\/figure><\/li><\/ul><\/figure>\n<\/div>\n<\/div><\/section>\n<\/div>\n<\/div><\/section>\n","protected":false},"excerpt":{"rendered":"","protected":false},"author":1,"featured_media":0,"parent":0,"menu_order":0,"comment_status":"closed","ping_status":"closed","template":"page-templates\/template-pagebuilder-full-width.php","meta":{"neve_meta_sidebar":"","neve_meta_container":"","neve_meta_enable_content_width":"","neve_meta_content_width":0,"neve_meta_title_alignment":"","neve_meta_author_avatar":"","neve_post_elements_order":"","neve_meta_disable_header":"","neve_meta_disable_footer":"","neve_meta_disable_title":"","_themeisle_gutenberg_block_has_review":false},"_links":{"self":[{"href":"https:\/\/mcop.cz\/web\/wp-json\/wp\/v2\/pages\/171"}],"collection":[{"href":"https:\/\/mcop.cz\/web\/wp-json\/wp\/v2\/pages"}],"about":[{"href":"https:\/\/mcop.cz\/web\/wp-json\/wp\/v2\/types\/page"}],"author":[{"embeddable":true,"href":"https:\/\/mcop.cz\/web\/wp-json\/wp\/v2\/users\/1"}],"replies":[{"embeddable":true,"href":"https:\/\/mcop.cz\/web\/wp-json\/wp\/v2\/comments?post=171"}],"version-history":[{"count":2,"href":"https:\/\/mcop.cz\/web\/wp-json\/wp\/v2\/pages\/171\/revisions"}],"predecessor-version":[{"id":199,"href":"https:\/\/mcop.cz\/web\/wp-json\/wp\/v2\/pages\/171\/revisions\/199"}],"wp:attachment":[{"href":"https:\/\/mcop.cz\/web\/wp-json\/wp\/v2\/media?parent=171"}],"curies":[{"name":"wp","href":"https:\/\/api.w.org\/{rel}","templated":true}]}}